{"id":1372,"date":"2024-04-10T02:13:17","date_gmt":"2024-04-10T02:13:17","guid":{"rendered":"https:\/\/new.premierroofing.ca\/accueil\/"},"modified":"2024-04-10T02:17:42","modified_gmt":"2024-04-10T02:17:42","slug":"accueil","status":"publish","type":"page","link":"https:\/\/premierroofing.ca\/fr\/","title":{"rendered":"Accueil"},"content":{"rendered":"\t\t<div data-elementor-type=\"wp-page\" data-elementor-id=\"1372\" class=\"elementor elementor-1372 elementor-9\" data-elementor-post-type=\"page\">\n\t\t\t\t\t\t<section class=\"elementor-section elementor-top-section elementor-element elementor-element-d462aff elementor-section-full_width elementor-section-height-min-height elementor-section-items-stretch elementor-section-height-default\" data-id=\"d462aff\" data-element_type=\"section\" data-settings=\"{&quot;background_background&quot;:&quot;classic&quot;,&quot;shape_divider_bottom&quot;:&quot;pyramids&quot;}\">\n\t\t\t\t\t<div class=\"elementor-shape elementor-shape-bottom\" aria-hidden=\"true\" data-negative=\"false\">\n\t\t\t<svg xmlns=\"http:\/\/www.w3.org\/2000\/svg\" viewBox=\"0 0 1000 100\" preserveAspectRatio=\"none\">\n\t<path class=\"elementor-shape-fill\" d=\"M761.9,44.1L643.1,27.2L333.8,98L0,3.8V0l1000,0v3.9\"\/>\n<\/svg>\t\t<\/div>\n\t\t\t\t\t<div class=\"elementor-container elementor-column-gap-no\">\n\t\t\t\t\t<div class=\"elementor-column elementor-col-100 elementor-top-column elementor-element elementor-element-db4fc1d\" data-id=\"db4fc1d\" data-element_type=\"column\" data-settings=\"{&quot;background_background&quot;:&quot;classic&quot;}\">\n\t\t\t<div class=\"elementor-widget-wrap\">\n\t\t\t\t\t\t\t<\/div>\n\t\t<\/div>\n\t\t\t\t\t<\/div>\n\t\t<\/section>\n\t\t\t\t<section class=\"elementor-section elementor-top-section elementor-element elementor-element-411a55b elementor-section-items-stretch elementor-section-height-min-height elementor-section-boxed elementor-section-height-default\" data-id=\"411a55b\" data-element_type=\"section\" data-settings=\"{&quot;background_background&quot;:&quot;classic&quot;}\">\n\t\t\t\t\t\t<div class=\"elementor-container elementor-column-gap-no\">\n\t\t\t\t\t<div class=\"elementor-column elementor-col-50 elementor-top-column elementor-element elementor-element-de59052\" data-id=\"de59052\" data-element_type=\"column\">\n\t\t\t<div class=\"elementor-widget-wrap elementor-element-populated\">\n\t\t\t\t\t\t<div class=\"elementor-element elementor-element-c634d75 elementor-widget elementor-widget-heading\" data-id=\"c634d75\" data-element_type=\"widget\" data-widget_type=\"heading.default\">\n\t\t\t\t<div class=\"elementor-widget-container\">\n\t\t\t\t\t<h2 class=\"elementor-heading-title elementor-size-default\">Couvreur Premier<\/h2>\t\t\t\t<\/div>\n\t\t\t\t<\/div>\n\t\t\t\t<div class=\"elementor-element elementor-element-a64a7e6 elementor-widget elementor-widget-heading\" data-id=\"a64a7e6\" data-element_type=\"widget\" data-widget_type=\"heading.default\">\n\t\t\t\t<div class=\"elementor-widget-container\">\n\t\t\t\t\t<h4 class=\"elementor-heading-title elementor-size-default\">Desservant fi\u00e8rement Montr\u00e9al, l'Ouest de l'\u00cele et Ch\u00e2teauguay. Plus de 30 ans d'exp\u00e9rience sp\u00e9cialis\u00e9e dans l'installation, inspections et r\u00e9parations de toiture.<\/h4>\t\t\t\t<\/div>\n\t\t\t\t<\/div>\n\t\t\t\t\t<\/div>\n\t\t<\/div>\n\t\t\t\t<div class=\"elementor-column elementor-col-50 elementor-top-column elementor-element elementor-element-c22b729\" data-id=\"c22b729\" data-element_type=\"column\">\n\t\t\t<div class=\"elementor-widget-wrap elementor-element-populated\">\n\t\t\t\t\t\t<div class=\"elementor-element elementor-element-8186fed elementor-align-center elementor-widget elementor-widget-button\" data-id=\"8186fed\" data-element_type=\"widget\" data-widget_type=\"button.default\">\n\t\t\t\t<div class=\"elementor-widget-container\">\n\t\t\t\t\t\t\t\t\t<div class=\"elementor-button-wrapper\">\n\t\t\t\t\t<a class=\"elementor-button elementor-button-link elementor-size-sm\" href=\"\/fr\/demande-destimation\/\">\n\t\t\t\t\t\t<span class=\"elementor-button-content-wrapper\">\n\t\t\t\t\t\t\t\t\t<span class=\"elementor-button-text\">DEMANDEZ UN DEVIS GRATUIT!<\/span>\n\t\t\t\t\t<\/span>\n\t\t\t\t\t<\/a>\n\t\t\t\t<\/div>\n\t\t\t\t\t\t\t\t<\/div>\n\t\t\t\t<\/div>\n\t\t\t\t\t<\/div>\n\t\t<\/div>\n\t\t\t\t\t<\/div>\n\t\t<\/section>\n\t\t\t\t<section class=\"elementor-section elementor-top-section elementor-element elementor-element-01e5ee3 elementor-section-full_width elementor-section-height-min-height elementor-section-items-stretch elementor-section-height-default\" data-id=\"01e5ee3\" data-element_type=\"section\">\n\t\t\t\t\t\t<div class=\"elementor-container elementor-column-gap-no\">\n\t\t\t\t\t<div class=\"elementor-column elementor-col-50 elementor-top-column elementor-element elementor-element-fcaeea2\" data-id=\"fcaeea2\" data-element_type=\"column\">\n\t\t\t<div class=\"elementor-widget-wrap elementor-element-populated\">\n\t\t\t\t\t\t<div class=\"elementor-element elementor-element-2bbc6f2 elementor--h-position-center elementor--v-position-middle elementor-arrows-position-inside elementor-pagination-position-inside elementor-widget elementor-widget-slides\" data-id=\"2bbc6f2\" data-element_type=\"widget\" data-settings=\"{&quot;navigation&quot;:&quot;both&quot;,&quot;autoplay&quot;:&quot;yes&quot;,&quot;pause_on_hover&quot;:&quot;yes&quot;,&quot;pause_on_interaction&quot;:&quot;yes&quot;,&quot;autoplay_speed&quot;:5000,&quot;infinite&quot;:&quot;yes&quot;,&quot;transition&quot;:&quot;slide&quot;,&quot;transition_speed&quot;:500}\" data-widget_type=\"slides.default\">\n\t\t\t\t<div class=\"elementor-widget-container\">\n\t\t\t\t\t\t\t\t\t<div class=\"elementor-swiper\">\n\t\t\t\t\t<div class=\"elementor-slides-wrapper elementor-main-swiper swiper\" role=\"region\" aria-roledescription=\"carousel\" aria-label=\"Diapositives\" dir=\"ltr\" data-animation=\"fadeInUp\">\n\t\t\t\t<div class=\"swiper-wrapper elementor-slides\">\n\t\t\t\t\t\t\t\t\t\t<div class=\"elementor-repeater-item-aa97ce6 swiper-slide\" role=\"group\" aria-roledescription=\"slide\"><div class=\"swiper-slide-bg\" role=\"img\" aria-label=\"IMG_5499-1-e1540349603715\"><\/div><div class=\"swiper-slide-inner\" ><div class=\"swiper-slide-contents\"><\/div><\/div><\/div><div class=\"elementor-repeater-item-898e5f2 swiper-slide\" role=\"group\" aria-roledescription=\"slide\"><div class=\"swiper-slide-bg\" role=\"img\" aria-label=\"FE471FE9-3512-4CD4-BDF3-7627BA5E820E\"><\/div><div class=\"swiper-slide-inner\" ><div class=\"swiper-slide-contents\"><\/div><\/div><\/div><div class=\"elementor-repeater-item-353b261 swiper-slide\" role=\"group\" aria-roledescription=\"slide\"><div class=\"swiper-slide-bg\" role=\"img\" aria-label=\"118766593_10158475798980659_8186529309436944586_n\"><\/div><div class=\"swiper-slide-inner\" ><div class=\"swiper-slide-contents\"><\/div><\/div><\/div>\t\t\t\t<\/div>\n\t\t\t\t\t\t\t\t\t\t\t\t\t\t\t<div class=\"elementor-swiper-button elementor-swiper-button-prev\" role=\"button\" tabindex=\"0\" aria-label=\"Previous slide\">\n\t\t\t\t\t\t\t<i aria-hidden=\"true\" class=\"eicon-chevron-left\"><\/i>\t\t\t\t\t\t<\/div>\n\t\t\t\t\t\t<div class=\"elementor-swiper-button elementor-swiper-button-next\" role=\"button\" tabindex=\"0\" aria-label=\"Next slide\">\n\t\t\t\t\t\t\t<i aria-hidden=\"true\" class=\"eicon-chevron-right\"><\/i>\t\t\t\t\t\t<\/div>\n\t\t\t\t\t\t\t\t\t\t\t\t\t\t\t\t<div class=\"swiper-pagination\"><\/div>\n\t\t\t\t\t\t\t\t\t\t\t\t<\/div>\n\t\t\t\t<\/div>\n\t\t\t\t\t\t\t\t<\/div>\n\t\t\t\t<\/div>\n\t\t\t\t\t<\/div>\n\t\t<\/div>\n\t\t\t\t<div class=\"elementor-column elementor-col-50 elementor-top-column elementor-element elementor-element-5f85314\" data-id=\"5f85314\" data-element_type=\"column\">\n\t\t\t<div class=\"elementor-widget-wrap elementor-element-populated\">\n\t\t\t\t\t\t<section class=\"elementor-section elementor-inner-section elementor-element elementor-element-4f2d9f8 elementor-section-full_width elementor-section-height-default elementor-section-height-default\" data-id=\"4f2d9f8\" data-element_type=\"section\">\n\t\t\t\t\t\t<div class=\"elementor-container elementor-column-gap-default\">\n\t\t\t\t\t<div class=\"elementor-column elementor-col-100 elementor-inner-column elementor-element elementor-element-ad26892\" data-id=\"ad26892\" data-element_type=\"column\" data-settings=\"{&quot;background_background&quot;:&quot;classic&quot;}\">\n\t\t\t<div class=\"elementor-widget-wrap elementor-element-populated\">\n\t\t\t\t\t\t<div class=\"elementor-element elementor-element-be2d3c1 elementor-widget elementor-widget-heading\" data-id=\"be2d3c1\" data-element_type=\"widget\" data-widget_type=\"heading.default\">\n\t\t\t\t<div class=\"elementor-widget-container\">\n\t\t\t\t\t<h2 class=\"elementor-heading-title elementor-size-default\">Nos services<\/h2>\t\t\t\t<\/div>\n\t\t\t\t<\/div>\n\t\t\t\t<div class=\"elementor-element elementor-element-6ae7d52 elementor-widget elementor-widget-text-editor\" data-id=\"6ae7d52\" data-element_type=\"widget\" data-widget_type=\"text-editor.default\">\n\t\t\t\t<div class=\"elementor-widget-container\">\n\t\t\t\t\t\t\t\t\t<p><span style=\"font-weight: 400;\">Consultez notre gamme de services et de produits offerts pour la toiture en bardeaux.<\/span><\/p>\n\t\t\t\t\t\t\t\t<\/div>\n\t\t\t\t<\/div>\n\t\t\t\t<div class=\"elementor-element elementor-element-a6314e5 elementor-align-center elementor-widget elementor-widget-button\" data-id=\"a6314e5\" data-element_type=\"widget\" data-widget_type=\"button.default\">\n\t\t\t\t<div class=\"elementor-widget-container\">\n\t\t\t\t\t\t\t\t\t<div class=\"elementor-button-wrapper\">\n\t\t\t\t\t<a class=\"elementor-button elementor-button-link elementor-size-sm\" href=\"\/fr\/services\/\">\n\t\t\t\t\t\t<span class=\"elementor-button-content-wrapper\">\n\t\t\t\t\t\t\t\t\t<span class=\"elementor-button-text\">SERVICES<\/span>\n\t\t\t\t\t<\/span>\n\t\t\t\t\t<\/a>\n\t\t\t\t<\/div>\n\t\t\t\t\t\t\t\t<\/div>\n\t\t\t\t<\/div>\n\t\t\t\t\t<\/div>\n\t\t<\/div>\n\t\t\t\t\t<\/div>\n\t\t<\/section>\n\t\t\t\t\t<\/div>\n\t\t<\/div>\n\t\t\t\t\t<\/div>\n\t\t<\/section>\n\t\t\t\t<section class=\"elementor-section elementor-top-section elementor-element elementor-element-b40c332 elementor-section-height-min-height elementor-section-boxed elementor-section-height-default elementor-section-items-middle\" data-id=\"b40c332\" data-element_type=\"section\" data-settings=\"{&quot;shape_divider_bottom&quot;:&quot;pyramids&quot;,&quot;shape_divider_bottom_negative&quot;:&quot;yes&quot;}\">\n\t\t\t\t\t<div class=\"elementor-shape elementor-shape-bottom\" aria-hidden=\"true\" data-negative=\"true\">\n\t\t\t<svg xmlns=\"http:\/\/www.w3.org\/2000\/svg\" viewBox=\"0 0 1000 100\" preserveAspectRatio=\"none\">\n\t<path class=\"elementor-shape-fill\" d=\"M761.9,40.6L643.1,24L333.9,93.8L0.1,1H0v99h1000V1\"\/>\n<\/svg>\t\t<\/div>\n\t\t\t\t\t<div class=\"elementor-container elementor-column-gap-default\">\n\t\t\t\t\t<div class=\"elementor-column elementor-col-100 elementor-top-column elementor-element elementor-element-816aa71\" data-id=\"816aa71\" data-element_type=\"column\">\n\t\t\t<div class=\"elementor-widget-wrap\">\n\t\t\t\t\t\t\t<\/div>\n\t\t<\/div>\n\t\t\t\t\t<\/div>\n\t\t<\/section>\n\t\t\t\t<section class=\"elementor-section elementor-top-section elementor-element elementor-element-0507460 elementor-section-full_width elementor-section-height-min-height elementor-section-items-stretch elementor-reverse-tablet elementor-reverse-mobile elementor-section-height-default\" data-id=\"0507460\" data-element_type=\"section\" data-settings=\"{&quot;background_background&quot;:&quot;classic&quot;}\">\n\t\t\t\t\t\t<div class=\"elementor-container elementor-column-gap-no\">\n\t\t\t\t\t<div class=\"elementor-column elementor-col-50 elementor-top-column elementor-element elementor-element-f2352ed\" data-id=\"f2352ed\" data-element_type=\"column\" data-settings=\"{&quot;background_background&quot;:&quot;classic&quot;}\">\n\t\t\t<div class=\"elementor-widget-wrap elementor-element-populated\">\n\t\t\t\t\t\t<section class=\"elementor-section elementor-inner-section elementor-element elementor-element-2518fa9 elementor-section-full_width elementor-section-height-default elementor-section-height-default\" data-id=\"2518fa9\" data-element_type=\"section\">\n\t\t\t\t\t\t<div class=\"elementor-container elementor-column-gap-default\">\n\t\t\t\t\t<div class=\"elementor-column elementor-col-100 elementor-inner-column elementor-element elementor-element-ed51507\" data-id=\"ed51507\" data-element_type=\"column\" data-settings=\"{&quot;background_background&quot;:&quot;classic&quot;}\">\n\t\t\t<div class=\"elementor-widget-wrap elementor-element-populated\">\n\t\t\t\t\t\t<div class=\"elementor-element elementor-element-23113dd elementor-widget elementor-widget-heading\" data-id=\"23113dd\" data-element_type=\"widget\" data-widget_type=\"heading.default\">\n\t\t\t\t<div class=\"elementor-widget-container\">\n\t\t\t\t\t<h2 class=\"elementor-heading-title elementor-size-default\">Notre histoire<\/h2>\t\t\t\t<\/div>\n\t\t\t\t<\/div>\n\t\t\t\t<div class=\"elementor-element elementor-element-6f8fae2 elementor-widget elementor-widget-text-editor\" data-id=\"6f8fae2\" data-element_type=\"widget\" data-widget_type=\"text-editor.default\">\n\t\t\t\t<div class=\"elementor-widget-container\">\n\t\t\t\t\t\t\t\t\t<p><span style=\"font-weight: 400;\">Fond\u00e9e en 1990, Couvreur Premier est synonyme depuis plus de 30 ans de nos priorit\u00e9s d&rsquo;int\u00e9grit\u00e9, de professionnalisme et de qualit\u00e9. Nous sommes \u00e9galement fiers d&rsquo;\u00eatre l&rsquo;une des rares entreprises d&rsquo;\u00e9lite certifi\u00e9es par BP Roofing Products of Canada.<\/span><\/p>\t\t\t\t\t\t\t\t<\/div>\n\t\t\t\t<\/div>\n\t\t\t\t<div class=\"elementor-element elementor-element-d80c3d7 elementor-align-center elementor-widget elementor-widget-button\" data-id=\"d80c3d7\" data-element_type=\"widget\" data-widget_type=\"button.default\">\n\t\t\t\t<div class=\"elementor-widget-container\">\n\t\t\t\t\t\t\t\t\t<div class=\"elementor-button-wrapper\">\n\t\t\t\t\t<a class=\"elementor-button elementor-button-link elementor-size-sm\" href=\"\/fr\/a-propos\/\">\n\t\t\t\t\t\t<span class=\"elementor-button-content-wrapper\">\n\t\t\t\t\t\t\t\t\t<span class=\"elementor-button-text\"> \u00c0 PROPOS<\/span>\n\t\t\t\t\t<\/span>\n\t\t\t\t\t<\/a>\n\t\t\t\t<\/div>\n\t\t\t\t\t\t\t\t<\/div>\n\t\t\t\t<\/div>\n\t\t\t\t\t<\/div>\n\t\t<\/div>\n\t\t\t\t\t<\/div>\n\t\t<\/section>\n\t\t\t\t\t<\/div>\n\t\t<\/div>\n\t\t\t\t<div class=\"elementor-column elementor-col-50 elementor-top-column elementor-element elementor-element-9f06aaa\" data-id=\"9f06aaa\" data-element_type=\"column\">\n\t\t\t<div class=\"elementor-widget-wrap elementor-element-populated\">\n\t\t\t\t\t\t<div class=\"elementor-element elementor-element-258a4a9 elementor-widget elementor-widget-image\" data-id=\"258a4a9\" data-element_type=\"widget\" data-widget_type=\"image.default\">\n\t\t\t\t<div class=\"elementor-widget-container\">\n\t\t\t\t\t\t\t\t\t\t\t\t\t\t\t<img fetchpriority=\"high\" decoding=\"async\" width=\"2048\" height=\"2048\" src=\"https:\/\/premierroofing.ca\/wp-content\/uploads\/2022\/04\/pr-about.jpeg\" class=\"attachment-full size-full wp-image-2042\" alt=\"\" srcset=\"https:\/\/premierroofing.ca\/wp-content\/uploads\/2022\/04\/pr-about.jpeg.webp 2048w, https:\/\/premierroofing.ca\/wp-content\/uploads\/2022\/04\/pr-about-300x300.jpeg.webp 300w, https:\/\/premierroofing.ca\/wp-content\/uploads\/2022\/04\/pr-about-1024x1024.jpeg.webp 1024w, https:\/\/premierroofing.ca\/wp-content\/uploads\/2022\/04\/pr-about-150x150.jpeg.webp 150w, https:\/\/premierroofing.ca\/wp-content\/uploads\/2022\/04\/pr-about-768x768.jpeg.webp 768w, https:\/\/premierroofing.ca\/wp-content\/uploads\/2022\/04\/pr-about-1536x1536.jpeg.webp 1536w\" sizes=\"(max-width: 2048px) 100vw, 2048px\" \/>\t\t\t\t\t\t\t\t\t\t\t\t\t\t\t<\/div>\n\t\t\t\t<\/div>\n\t\t\t\t\t<\/div>\n\t\t<\/div>\n\t\t\t\t\t<\/div>\n\t\t<\/section>\n\t\t\t\t<\/div>\n\t\t","protected":false},"excerpt":{"rendered":"<p>Couvreur Premier Desservant fi\u00e8rement Montr\u00e9al, l&rsquo;Ouest de l&rsquo;\u00cele et Ch\u00e2teauguay. Plus de 30 ans d&rsquo;exp\u00e9rience sp\u00e9cialis\u00e9e dans l&rsquo;installation, inspections et r\u00e9parations de toiture. DEMANDEZ UN DEVIS GRATUIT! Previous slide Next slide Nos services Consultez notre gamme de services et de produits offerts pour la toiture en bardeaux. SERVICES Notre histoire Fond\u00e9e en 1990, Couvreur Premier [&hellip;]<\/p>\n","protected":false},"author":2,"featured_media":0,"parent":0,"menu_order":0,"comment_status":"closed","ping_status":"closed","template":"elementor_header_footer","meta":{"footnotes":""},"class_list":["post-1372","page","type-page","status-publish","hentry"],"yoast_head":"<!-- This site is optimized with the Yoast SEO plugin v26.2 - https:\/\/yoast.com\/wordpress\/plugins\/seo\/ -->\n<title>Couvreur Premier - Ouest-de-l\u2019\u00cele, Montr\u00e9al et Ch\u00e2teauguay.<\/title>\n<meta name=\"description\" content=\"Couvreurs experts dans l&#039;industrie depuis 30 ans! Installations, inspections et r\u00e9parations de toiture. Ouest-de-l\u2019\u00cele, Montr\u00e9al, Ch\u00e2teauguay.\" \/>\n<meta name=\"robots\" content=\"index, follow, max-snippet:-1, max-image-preview:large, max-video-preview:-1\" \/>\n<link rel=\"canonical\" href=\"https:\/\/premierroofing.ca\/\" \/>\n<meta property=\"og:locale\" content=\"fr_CA\" \/>\n<meta property=\"og:type\" content=\"article\" \/>\n<meta property=\"og:title\" content=\"Couvreur Premier - Ouest-de-l\u2019\u00cele, Montr\u00e9al et Ch\u00e2teauguay.\" \/>\n<meta property=\"og:description\" content=\"Couvreurs experts dans l&#039;industrie depuis 30 ans! Installations, inspections et r\u00e9parations de toiture. Ouest-de-l\u2019\u00cele, Montr\u00e9al, Ch\u00e2teauguay.\" \/>\n<meta property=\"og:url\" content=\"https:\/\/premierroofing.ca\/\" \/>\n<meta property=\"og:site_name\" content=\"Premier Roofing\" \/>\n<meta property=\"article:modified_time\" content=\"2024-04-10T02:17:42+00:00\" \/>\n<meta property=\"og:image\" content=\"https:\/\/premierroofing.ca\/wp-content\/uploads\/2022\/04\/pr-about.jpeg\" \/>\n<meta name=\"twitter:card\" content=\"summary_large_image\" \/>\n<meta name=\"twitter:label1\" content=\"Estimation du temps de lecture\" \/>\n\t<meta name=\"twitter:data1\" content=\"1 minute\" \/>\n<script type=\"application\/ld+json\" class=\"yoast-schema-graph\">{\"@context\":\"https:\/\/schema.org\",\"@graph\":[{\"@type\":\"WebPage\",\"@id\":\"https:\/\/premierroofing.ca\/\",\"url\":\"https:\/\/premierroofing.ca\/\",\"name\":\"Couvreur Premier - Ouest-de-l\u2019\u00cele, Montr\u00e9al et Ch\u00e2teauguay.\",\"isPartOf\":{\"@id\":\"https:\/\/premierroofing.ca\/#website\"},\"primaryImageOfPage\":{\"@id\":\"https:\/\/premierroofing.ca\/#primaryimage\"},\"image\":{\"@id\":\"https:\/\/premierroofing.ca\/#primaryimage\"},\"thumbnailUrl\":\"https:\/\/premierroofing.ca\/wp-content\/uploads\/2022\/04\/pr-about.jpeg\",\"datePublished\":\"2024-04-10T02:13:17+00:00\",\"dateModified\":\"2024-04-10T02:17:42+00:00\",\"description\":\"Couvreurs experts dans l'industrie depuis 30 ans! Installations, inspections et r\u00e9parations de toiture. Ouest-de-l\u2019\u00cele, Montr\u00e9al, Ch\u00e2teauguay.\",\"breadcrumb\":{\"@id\":\"https:\/\/premierroofing.ca\/#breadcrumb\"},\"inLanguage\":\"fr-CA\",\"potentialAction\":[{\"@type\":\"ReadAction\",\"target\":[\"https:\/\/premierroofing.ca\/\"]}]},{\"@type\":\"ImageObject\",\"inLanguage\":\"fr-CA\",\"@id\":\"https:\/\/premierroofing.ca\/#primaryimage\",\"url\":\"https:\/\/premierroofing.ca\/wp-content\/uploads\/2022\/04\/pr-about.jpeg\",\"contentUrl\":\"https:\/\/premierroofing.ca\/wp-content\/uploads\/2022\/04\/pr-about.jpeg\"},{\"@type\":\"BreadcrumbList\",\"@id\":\"https:\/\/premierroofing.ca\/#breadcrumb\",\"itemListElement\":[{\"@type\":\"ListItem\",\"position\":1,\"name\":\"Home\",\"item\":\"https:\/\/premierroofing.ca\/\"},{\"@type\":\"ListItem\",\"position\":2,\"name\":\"Accueil\"}]},{\"@type\":\"WebSite\",\"@id\":\"https:\/\/premierroofing.ca\/#website\",\"url\":\"https:\/\/premierroofing.ca\/\",\"name\":\"Premier Roofing\",\"description\":\"\",\"potentialAction\":[{\"@type\":\"SearchAction\",\"target\":{\"@type\":\"EntryPoint\",\"urlTemplate\":\"https:\/\/premierroofing.ca\/?s={search_term_string}\"},\"query-input\":{\"@type\":\"PropertyValueSpecification\",\"valueRequired\":true,\"valueName\":\"search_term_string\"}}],\"inLanguage\":\"fr-CA\"}]}<\/script>\n<!-- \/ Yoast SEO plugin. -->","yoast_head_json":{"title":"Couvreur Premier - Ouest-de-l\u2019\u00cele, Montr\u00e9al et Ch\u00e2teauguay.","description":"Couvreurs experts dans l'industrie depuis 30 ans! Installations, inspections et r\u00e9parations de toiture. Ouest-de-l\u2019\u00cele, Montr\u00e9al, Ch\u00e2teauguay.","robots":{"index":"index","follow":"follow","max-snippet":"max-snippet:-1","max-image-preview":"max-image-preview:large","max-video-preview":"max-video-preview:-1"},"canonical":"https:\/\/premierroofing.ca\/","og_locale":"fr_CA","og_type":"article","og_title":"Couvreur Premier - Ouest-de-l\u2019\u00cele, Montr\u00e9al et Ch\u00e2teauguay.","og_description":"Couvreurs experts dans l'industrie depuis 30 ans! Installations, inspections et r\u00e9parations de toiture. Ouest-de-l\u2019\u00cele, Montr\u00e9al, Ch\u00e2teauguay.","og_url":"https:\/\/premierroofing.ca\/","og_site_name":"Premier Roofing","article_modified_time":"2024-04-10T02:17:42+00:00","og_image":[{"url":"https:\/\/premierroofing.ca\/wp-content\/uploads\/2022\/04\/pr-about.jpeg","type":"","width":"","height":""}],"twitter_card":"summary_large_image","twitter_misc":{"Estimation du temps de lecture":"1 minute"},"schema":{"@context":"https:\/\/schema.org","@graph":[{"@type":"WebPage","@id":"https:\/\/premierroofing.ca\/","url":"https:\/\/premierroofing.ca\/","name":"Couvreur Premier - Ouest-de-l\u2019\u00cele, Montr\u00e9al et Ch\u00e2teauguay.","isPartOf":{"@id":"https:\/\/premierroofing.ca\/#website"},"primaryImageOfPage":{"@id":"https:\/\/premierroofing.ca\/#primaryimage"},"image":{"@id":"https:\/\/premierroofing.ca\/#primaryimage"},"thumbnailUrl":"https:\/\/premierroofing.ca\/wp-content\/uploads\/2022\/04\/pr-about.jpeg","datePublished":"2024-04-10T02:13:17+00:00","dateModified":"2024-04-10T02:17:42+00:00","description":"Couvreurs experts dans l'industrie depuis 30 ans! Installations, inspections et r\u00e9parations de toiture. Ouest-de-l\u2019\u00cele, Montr\u00e9al, Ch\u00e2teauguay.","breadcrumb":{"@id":"https:\/\/premierroofing.ca\/#breadcrumb"},"inLanguage":"fr-CA","potentialAction":[{"@type":"ReadAction","target":["https:\/\/premierroofing.ca\/"]}]},{"@type":"ImageObject","inLanguage":"fr-CA","@id":"https:\/\/premierroofing.ca\/#primaryimage","url":"https:\/\/premierroofing.ca\/wp-content\/uploads\/2022\/04\/pr-about.jpeg","contentUrl":"https:\/\/premierroofing.ca\/wp-content\/uploads\/2022\/04\/pr-about.jpeg"},{"@type":"BreadcrumbList","@id":"https:\/\/premierroofing.ca\/#breadcrumb","itemListElement":[{"@type":"ListItem","position":1,"name":"Home","item":"https:\/\/premierroofing.ca\/"},{"@type":"ListItem","position":2,"name":"Accueil"}]},{"@type":"WebSite","@id":"https:\/\/premierroofing.ca\/#website","url":"https:\/\/premierroofing.ca\/","name":"Premier Roofing","description":"","potentialAction":[{"@type":"SearchAction","target":{"@type":"EntryPoint","urlTemplate":"https:\/\/premierroofing.ca\/?s={search_term_string}"},"query-input":{"@type":"PropertyValueSpecification","valueRequired":true,"valueName":"search_term_string"}}],"inLanguage":"fr-CA"}]}},"_links":{"self":[{"href":"https:\/\/premierroofing.ca\/fr\/wp-json\/wp\/v2\/pages\/1372","targetHints":{"allow":["GET"]}}],"collection":[{"href":"https:\/\/premierroofing.ca\/fr\/wp-json\/wp\/v2\/pages"}],"about":[{"href":"https:\/\/premierroofing.ca\/fr\/wp-json\/wp\/v2\/types\/page"}],"author":[{"embeddable":true,"href":"https:\/\/premierroofing.ca\/fr\/wp-json\/wp\/v2\/users\/2"}],"replies":[{"embeddable":true,"href":"https:\/\/premierroofing.ca\/fr\/wp-json\/wp\/v2\/comments?post=1372"}],"version-history":[{"count":28,"href":"https:\/\/premierroofing.ca\/fr\/wp-json\/wp\/v2\/pages\/1372\/revisions"}],"predecessor-version":[{"id":2655,"href":"https:\/\/premierroofing.ca\/fr\/wp-json\/wp\/v2\/pages\/1372\/revisions\/2655"}],"wp:attachment":[{"href":"https:\/\/premierroofing.ca\/fr\/wp-json\/wp\/v2\/media?parent=1372"}],"curies":[{"name":"wp","href":"https:\/\/api.w.org\/{rel}","templated":true}]}}